{"id":272,"date":"2023-09-06T11:41:08","date_gmt":"2023-09-06T11:41:08","guid":{"rendered":"https:\/\/ltaskfinance.com\/?page_id=272"},"modified":"2023-09-26T09:24:41","modified_gmt":"2023-09-26T09:24:41","slug":"why-us","status":"publish","type":"page","link":"https:\/\/ltaskfinance.com\/pt\/why-us\/","title":{"rendered":"Porqu\u00ea Escolher os Nossos Servi\u00e7os"},"content":{"rendered":"<div style=\"height:0px\" aria-hidden=\"true\" class=\"wp-block-spacer\"><\/div>\n\n\n\t\t<div class='wp-block-psb-parallax  alignfull' id='psbParallaxSection-4352905e-6'>\r\n\t\t\t<style>\r\n\t\t\t\t\r\n\t\t\t#psbParallaxSection-4352905e-6{\r\n\t\t\t\tmin-height: 950px;\r\n\t\t\t}\r\n\t\t\t#psbParallaxSection-4352905e-6 .psbParallaxSection{\r\n\t\t\t\tjustify-content: center;\r\n\t\t\t\ttext-align: center;\r\n\t\t\t\tmin-height: 950px;\r\n\t\t\t\tpadding: 20px 30px;\r\n\t\t\t}\r\n\t\t\t#psbParallaxSection-4352905e-6 .psbParallaxImg{\r\n\t\t\t\tbackground: url(https:\/\/ltaskfinance.com\/wp-content\/uploads\/2023\/08\/MicrosoftTeams-image-2-Grande.jpeg); background-color: rgba(0, 0, 0, 0.59); background-position: center center; background-size: cover; background-repeat: no-repeat; background-attachment: initial; background-blend-mode: overlay;\r\n\t\t\t}\r\n\t\t\t\t\t<\/style>\r\n\r\n\t\t\t<div class='psbParallaxImg' data-speed='-0.28'><\/div>\r\n\r\n\t\t\t<div class='psbParallaxSection'>\r\n\t\t\t\t\n\n<p><\/p>\n\n\n\n<p><\/p>\n\n\n\n<p><\/p>\n\n\n\n<h2 class=\"wp-block-heading has-text-color\" style=\"color:#fff;font-size:40px;font-style:normal;font-weight:500;letter-spacing:10px\">Porqu\u00ea Escolher os Nossos Servi\u00e7os<\/h2>\n\n\n\n<p><\/p>\n\n\n\n<p><\/p>\n\n\n\n<p><\/p>\n\n\n\n<h4 class=\"wp-block-heading has-text-align-center has-nv-site-bg-color has-text-color\" style=\"font-style:normal;font-weight:500;letter-spacing:10px\"><strong>Profissionais Qualificados<\/strong><\/h4>\n\n\n\n<p class=\"has-text-align-center has-nv-site-bg-color has-text-color\" style=\"font-style:normal;font-weight:500;letter-spacing:1px\">A nossa equipa \u00e9 constitu\u00edda por especialistas em finan\u00e7as e no mercado imobili\u00e1rio<\/p>\n\n\n\n<p><\/p>\n\n\n\n<h4 class=\"wp-block-heading has-text-align-center has-nv-site-bg-color has-text-color\" style=\"letter-spacing:10px\">Abordagem Personalizada<\/h4>\n\n\n\n<p class=\"has-text-align-center has-nv-site-bg-color has-text-color\" style=\"font-style:normal;font-weight:500;letter-spacing:1px\">Adaptamos os nossos servi\u00e7os \u00e0s necessidades espec\u00edficas de cada projeto<\/p>\n\n\n\n<p><\/p>\n\n\n\n<h4 class=\"wp-block-heading has-text-align-center has-nv-site-bg-color has-text-color\" style=\"letter-spacing:10px\">Transpar\u00eancia e \u00e9tica<\/h4>\n\n\n\n<p class=\"has-text-align-center has-nv-site-bg-color has-text-color\" style=\"font-style:normal;font-weight:500;letter-spacing:1px\">Atuamos com integridade e transpar\u00eancia em todas as intera\u00e7\u00f5es<\/p>\n\n\n\n<p><\/p>\n\n\n\n<h4 class=\"wp-block-heading has-text-align-center has-nv-site-bg-color has-text-color\" style=\"letter-spacing:10px\">Resultados Comprovados<\/h4>\n\n\n\n<p class=\"has-text-align-center has-nv-site-bg-color has-text-color\" style=\"font-style:normal;font-weight:500;letter-spacing:1px\">Os nossos clientes obtiveram resultados positivos e rent\u00e1veis gra\u00e7as aos nossos servi\u00e7os de gest\u00e3o financeira<\/p>\n\n\n\n<p><\/p>\n\n\n\n<p><\/p>\n\n\t\t\t<\/div>\r\n\t\t<\/div>","protected":false},"excerpt":{"rendered":"","protected":false},"author":1,"featured_media":0,"parent":0,"menu_order":0,"comment_status":"closed","ping_status":"closed","template":"","meta":{"_eb_attr":"","neve_meta_sidebar":"","neve_meta_container":"","neve_meta_enable_content_width":"on","neve_meta_content_width":100,"neve_meta_title_alignment":"","neve_meta_author_avatar":"","neve_post_elements_order":"","neve_meta_disable_header":"","neve_meta_disable_footer":"","neve_meta_disable_title":"on","footnotes":""},"class_list":["post-272","page","type-page","status-publish","hentry"],"_links":{"self":[{"href":"https:\/\/ltaskfinance.com\/pt\/wp-json\/wp\/v2\/pages\/272","targetHints":{"allow":["GET"]}}],"collection":[{"href":"https:\/\/ltaskfinance.com\/pt\/wp-json\/wp\/v2\/pages"}],"about":[{"href":"https:\/\/ltaskfinance.com\/pt\/wp-json\/wp\/v2\/types\/page"}],"author":[{"embeddable":true,"href":"https:\/\/ltaskfinance.com\/pt\/wp-json\/wp\/v2\/users\/1"}],"replies":[{"embeddable":true,"href":"https:\/\/ltaskfinance.com\/pt\/wp-json\/wp\/v2\/comments?post=272"}],"version-history":[{"count":21,"href":"https:\/\/ltaskfinance.com\/pt\/wp-json\/wp\/v2\/pages\/272\/revisions"}],"predecessor-version":[{"id":573,"href":"https:\/\/ltaskfinance.com\/pt\/wp-json\/wp\/v2\/pages\/272\/revisions\/573"}],"wp:attachment":[{"href":"https:\/\/ltaskfinance.com\/pt\/wp-json\/wp\/v2\/media?parent=272"}],"curies":[{"name":"wp","href":"https:\/\/api.w.org\/{rel}","templated":true}]}}