{"id":264,"date":"2023-09-06T11:25:48","date_gmt":"2023-09-06T11:25:48","guid":{"rendered":"https:\/\/ltaskfinance.com\/?page_id=264"},"modified":"2023-10-06T09:59:38","modified_gmt":"2023-10-06T09:59:38","slug":"our-services","status":"publish","type":"page","link":"https:\/\/ltaskfinance.com\/pt\/our-services\/","title":{"rendered":"Os Nossos Servi\u00e7os"},"content":{"rendered":"<div style=\"height:0px\" aria-hidden=\"true\" class=\"wp-block-spacer\"><\/div>\n\n\n\t\t<div class='wp-block-psb-parallax  alignfull' id='psbParallaxSection-4c29f8bd-e'>\r\n\t\t\t<style>\r\n\t\t\t\t\r\n\t\t\t#psbParallaxSection-4c29f8bd-e{\r\n\t\t\t\tmin-height: 1px;\r\n\t\t\t}\r\n\t\t\t#psbParallaxSection-4c29f8bd-e .psbParallaxSection{\r\n\t\t\t\tjustify-content: flex-start;\r\n\t\t\t\ttext-align: center;\r\n\t\t\t\tmin-height: 1px;\r\n\t\t\t\tpadding: 0px 30px 0px 30px;\r\n\t\t\t}\r\n\t\t\t#psbParallaxSection-4c29f8bd-e .psbParallaxImg{\r\n\t\t\t\tbackground: url(https:\/\/ltaskfinance.com\/wp-content\/uploads\/2023\/08\/simone-hutsch-RyGYujTUeV0-unsplash-scaled.jpg); background-color: rgba(0, 0, 0, 0.45); background-position: center center; background-size: cover; background-repeat: no-repeat; background-attachment: initial; background-blend-mode: overlay;\r\n\t\t\t}\r\n\t\t\t\t\t<\/style>\r\n\r\n\t\t\t<div class='psbParallaxImg' data-speed='0.21'><\/div>\r\n\r\n\t\t\t<div class='psbParallaxSection'>\r\n\t\t\t\t\n\n<p><\/p>\n\n\n\n<p><\/p>\n\n\n\n<h2 class=\"wp-block-heading has-text-color\" style=\"color:#fff;font-size:40px;font-style:normal;font-weight:500;letter-spacing:10px\">Os Nossos Servi\u00e7os<\/h2>\n\n\n\n<p><\/p>\n\n\n\n<p class=\"has-text-align-center has-nv-site-bg-color has-text-color\" style=\"font-size:21px;font-style:normal;font-weight:500;letter-spacing:10px\">Oferecemos solu\u00e7\u00f5es especializadas <\/p>\n\n\n\n<p class=\"has-text-align-center has-nv-site-bg-color has-text-color\" style=\"font-size:21px;font-style:normal;font-weight:500;letter-spacing:10px\">para otimizar os seus projetos de investimento imobili\u00e1rio<\/p>\n\n\n\n<div class=\"wp-block-columns is-layout-flex wp-container-core-columns-is-layout-9d6595d7 wp-block-columns-is-layout-flex\">\n<div class=\"wp-block-column is-layout-flow wp-block-column-is-layout-flow\" style=\"flex-basis:40%\"><\/div>\n\n\n\n<div class=\"wp-block-column is-layout-flow wp-block-column-is-layout-flow\" style=\"flex-basis:50%\">\n<p class=\"has-nv-site-bg-color has-text-color\"><\/p>\n\n\n\n<p><\/p>\n\n\n\n<p class=\"has-text-align-left has-nv-site-bg-color has-text-color has-medium-font-size\" style=\"letter-spacing:1px\"><strong><mark class=\"has-inline-color has-nv-site-bg-color\">{tooltip}Feasibility Analysis{end-text}<\/mark><\/strong>Realiza\u00e7\u00e3o de estudos aprofundados para identificar riscos e oportunidades antes da execu\u00e7\u00e3o do projeto<strong><mark class=\"has-inline-color has-neve-link-hover-color-color\">{end-tooltip}<\/mark><\/strong><\/p>\n\n\n\n<p class=\"has-text-align-left has-nv-site-bg-color has-text-color has-medium-font-size\" style=\"letter-spacing:1px\"><span style=\"font-weight: 600;font-size: 20px\"><mark class=\"has-inline-color has-nv-site-bg-color\">{tooltip}<strong><span style=\"font-weight: 600;font-size: 20px\"><mark class=\"has-inline-color has-nv-site-bg-color\"><strong>Planeamento Financeiro para Projetos Imobili\u00e1rios<\/strong><\/mark><\/span><\/strong>{end-text}<\/mark><\/span>Desenvolvemos estrat\u00e9gias personalizadas para garantir<br>a viabilidade econ\u00f3mica dos seus investimentos<span style=\"font-weight: 600;font-size: 20px\"><mark class=\"has-inline-color has-neve-link-hover-color-color\">{end-tooltip}<\/mark><\/span><\/p>\n\n\n\n<p class=\"has-text-align-left has-nv-site-bg-color has-text-color has-medium-font-size\" style=\"letter-spacing:1px\"><span style=\"font-weight: 600;font-size: 20px\"><mark class=\"has-inline-color has-nv-site-bg-color\">{tooltip}<strong>Controlo de Custos<\/strong>{end-text}<\/mark><\/span>Monitorizar eficazmente os custos dos projetos para evitar desperd\u00edcios e desvios or\u00e7amentais<span style=\"font-weight: 600;font-size: 20px\"><mark class=\"has-inline-color has-neve-link-hover-color-color\">{end-tooltip}<\/mark><\/span><\/p>\n\n\n\n<p class=\"has-text-align-left has-nv-site-bg-color has-text-color has-medium-font-size\" style=\"letter-spacing:1px\"><span style=\"font-weight: 600;font-size: 20px\"><mark class=\"has-inline-color has-nv-site-bg-color\">{tooltip}<strong>Planeamento e Conformidade Fiscais<\/strong>{end-text}<\/mark><\/span>Ajudar os clientes a otimizar as obriga\u00e7\u00f5es fiscais relacionadas com<br>projetos imobili\u00e1rios e assegurar o cumprimento da regulamenta\u00e7\u00e3o fiscal<span style=\"font-weight: 600;font-size: 20px\"><mark class=\"has-inline-color has-neve-link-hover-color-color\">{end-tooltip}<\/mark><\/span><\/p>\n\n\n\n<p class=\"has-text-align-left has-nv-site-bg-color has-text-color has-medium-font-size\" style=\"letter-spacing:1px\"><span style=\"font-weight: 600;font-size: 20px\"><mark class=\"has-inline-color has-nv-site-bg-color\">{tooltip}<strong><strong>Or\u00e7amenta\u00e7\u00e3o e Previs\u00e3o de Projetos<\/strong><\/strong>{end-text}<\/mark><\/span>Criar or\u00e7amentos detalhados e proje\u00e7\u00f5es financeiras para toda a dura\u00e7\u00e3o do projeto para um melhor planeamento financeiro e tomada de decis\u00f5es<span style=\"font-weight: 600;font-size: 20px\"><mark class=\"has-inline-color has-neve-link-hover-color-color\">{end-tooltip}<\/mark><\/span><\/p>\n\n\n\n<p class=\"has-text-align-left has-nv-site-bg-color has-text-color has-medium-font-size\" style=\"letter-spacing:1px\"><span style=\"font-weight: 600;font-size: 20px\"><mark class=\"has-inline-color has-nv-site-bg-color\">{tooltip}Investment Advisory{end-text}<\/mark><\/span>Oferecer aconselhamento especializado sobre investimentos imobili\u00e1rios, ajudando os clientes a tomar decis\u00f5es informadas sobre potenciais oportunidades de investimento<span style=\"font-weight: 600;font-size: 20px\"><mark class=\"has-inline-color has-neve-link-hover-color-color\">{end-tooltip}<\/mark><\/span><\/p>\n\n\n\n<p class=\"has-text-align-left has-nv-site-bg-color has-text-color has-medium-font-size\" style=\"letter-spacing:1px\"><span style=\"font-weight: 600;font-size: 20px\"><mark class=\"has-inline-color has-nv-site-bg-color\">{tooltip}<strong>Previs\u00e3o de Fluxo de Caixa<\/strong>{end-text}<\/mark><\/span>Previs\u00e3o de entradas e sa\u00eddas de caixa ao longo do<br> ciclo de vida do projeto para garantir um fluxo de caixa est\u00e1vel e adequado<span style=\"font-weight: 600;font-size: 20px\"><mark class=\"has-inline-color has-neve-link-hover-color-color\">{end-tooltip}<\/mark><\/span><\/p>\n\n\n\n<p class=\"has-text-align-left has-nv-site-bg-color has-text-color has-medium-font-size\" style=\"letter-spacing:1px\"><span style=\"font-weight: 600;font-size: 20px\"><mark class=\"has-inline-color has-nv-site-bg-color\">{tooltip}<strong><strong>Gest\u00e3o de Ativos<\/strong><\/strong>{end-text}<\/mark><\/span>Presta\u00e7\u00e3o de servi\u00e7os para gerir os aspectos financeiros dos ativos imobili\u00e1rios, como o acompanhamento das receitas de aluguer e a gest\u00e3o das despesas<span style=\"font-weight: 600;font-size: 20px\"><mark class=\"has-inline-color has-neve-link-hover-color-color\">{end-tooltip}<\/mark><\/span><\/p>\n\n\n\n<p class=\"has-text-align-left has-nv-site-bg-color has-text-color has-medium-font-size\" style=\"letter-spacing:1px\"><span style=\"font-weight: 600;font-size: 20px\"><mark class=\"has-inline-color has-nv-site-bg-color\">{tooltip}<strong><strong><strong>Apoio \u00e0 Conformidade e \u00e0 Regulamenta\u00e7\u00e3o<\/strong><\/strong><\/strong>{end-text}<\/mark><\/span>Assegurar que todos os aspetos financeiros do projeto cumprem as leis, os regulamentos e as normas industriais relevantes<span style=\"font-weight: 600;font-size: 20px\"><mark class=\"has-inline-color has-neve-link-hover-color-color\">{end-tooltip}<\/mark><\/span><\/p>\n\n\n\n<p class=\"has-text-align-left has-nv-site-bg-color has-text-color has-medium-font-size\" style=\"letter-spacing:1px\"><span style=\"font-weight: 600;font-size: 20px\"><mark class=\"has-inline-color has-nv-site-bg-color\">{tooltip}<strong><strong><strong><strong>Relat\u00f3rios de Desempenho<\/strong><\/strong><\/strong><\/strong>{end-text}<\/mark><\/span>Fornecimento regular de relat\u00f3rios financeiros completos aos clientes, destacando o progresso do projeto e a situa\u00e7\u00e3o financeira<span style=\"font-weight: 600;font-size: 20px\"><mark class=\"has-inline-color has-neve-link-hover-color-color\">{end-tooltip}<\/mark><\/span><\/p>\n\n\n\n<p class=\"has-text-align-left has-nv-site-bg-color has-text-color has-medium-font-size\" style=\"letter-spacing:1px\"><span style=\"font-weight: 600;font-size: 20px\"><mark class=\"has-inline-color has-nv-site-bg-color\">{tooltip}<strong><strong><strong><strong>Avalia\u00e7\u00e3o e Mitiga\u00e7\u00e3o de Riscos<\/strong><\/strong><\/strong><\/strong>{end-text}<\/mark><\/span>Identificar os potenciais riscos associados ao projeto e implementar estrat\u00e9gias para os mitigar, garantindo um investimento mais seguro<span style=\"font-weight: 600;font-size: 20px\"><mark class=\"has-inline-color has-neve-link-hover-color-color\">{end-tooltip}<\/mark><\/span><\/p>\n\n\n\n<p class=\"has-text-align-left has-nv-site-bg-color has-text-color has-medium-font-size\" style=\"letter-spacing:1px\"><span style=\"font-weight: 600;font-size: 20px\"><mark class=\"has-inline-color has-nv-site-bg-color\">{tooltip}<strong><strong><strong><strong>Estudos e An\u00e1lises de Mercado<\/strong><\/strong><\/strong><\/strong>{end-text}<\/mark><\/span>Realiza\u00e7\u00e3o de estudos de mercado abrangentes para fornecer informa\u00e7\u00f5es valiosas sobre as tend\u00eancias imobili\u00e1rias atuais e a viabilidade dos projetos<span style=\"font-weight: 600;font-size: 20px\"><mark class=\"has-inline-color has-neve-link-hover-color-color\">{end-tooltip}<\/mark><\/span><\/p>\n\n\n\n<p class=\"has-text-align-left has-nv-site-bg-color has-text-color has-medium-font-size\" style=\"letter-spacing:1px\"><span style=\"font-weight: 600;font-size: 20px\"><mark class=\"has-inline-color has-nv-site-bg-color\"><strong>{tooltip}<strong><strong>Modela\u00e7\u00e3o Financeira<\/strong><\/strong>{end-text}<\/strong><\/mark><\/span>Assegurar que todos os aspetos financeiros do projeto cumprem as leis, os regulamentos e as normas industriais relevantes<span style=\"font-weight: 600;font-size: 20px\"><mark class=\"has-inline-color has-neve-link-hover-color-color\">{end-tooltip}<\/mark><\/span><\/p>\n\n\n\n<p class=\"has-text-align-left has-nv-site-bg-color has-text-color has-medium-font-size\" style=\"letter-spacing:1px\"><span style=\"font-weight: 600;font-size: 20px\"><mark class=\"has-inline-color has-nv-site-bg-color\">{tooltip}<strong><strong><strong>Reestrutura\u00e7\u00e3o de D\u00edvidas<\/strong><\/strong><\/strong>{end-text}<\/mark><\/span>Ajudar os clientes a otimizar a sua estrutura de d\u00edvida e as op\u00e7\u00f5es de refinanciamento para melhorar o desempenho financeiro do projeto<span style=\"font-weight: 600;font-size: 20px\"><mark class=\"has-inline-color has-neve-link-hover-color-color\">{end-tooltip}<\/mark><\/span><\/p>\n\n\n\n<p class=\"has-text-align-left has-nv-site-bg-color has-text-color has-medium-font-size\" style=\"letter-spacing:1px\"><span style=\"font-weight: 600;font-size: 20px\"><mark class=\"has-inline-color has-nv-site-bg-color\">{tooltip}<strong><strong><strong><strong>Avalia\u00e7\u00e3o Comparativa de Desempenho<\/strong><\/strong><\/strong><\/strong>{end-text}<\/mark><\/span>Comparar o desempenho financeiro do projeto com os padr\u00f5es da ind\u00fastria para identificar \u00e1reas de melhoria e otimiza\u00e7\u00e3o<span style=\"font-weight: 600;font-size: 20px\"><mark class=\"has-inline-color has-neve-link-hover-color-color\">{end-tooltip}<\/mark><\/span><\/p>\n\n\n\n<p class=\"has-text-align-left has-nv-site-bg-color has-text-color has-medium-font-size\" style=\"letter-spacing:1px\"><span style=\"font-weight: 600;font-size: 20px\">{tooltip}<strong><strong><strong><strong><strong>Planeamento de Estrat\u00e9gias de Sa\u00edda<\/strong><\/strong><\/strong><\/strong><\/strong>{end-text}<\/span>Assist\u00eancia aos clientes no desenvolvimento de estrat\u00e9gias de sa\u00edda para os seus projetos imobili\u00e1rios, quer atrav\u00e9s de venda, arrendamento ou outras formas de aliena\u00e7\u00e3o<span style=\"font-weight: 600;font-size: 20px\"><mark class=\"has-inline-color has-neve-link-hover-color-color\">{end-tooltip}<\/mark><\/span><\/p>\n\n\n\n<p class=\"has-text-align-left has-medium-font-size\" style=\"letter-spacing:1px\"><span style=\"font-weight: 600;font-size: 20px\"><mark class=\"has-inline-color has-nv-site-bg-color\">{tooltip}<strong><strong><strong><strong><strong>Consultoria em Financiamento de Projetos<\/strong><\/strong><\/strong><\/strong><\/strong>{end-text}<\/mark><\/span>Aconselhamento sobre as v\u00e1rias op\u00e7\u00f5es de financiamento dispon\u00edveis para projetos imobili\u00e1rios, incluindo empr\u00e9stimos tradicionais, private equity, crowdfunding, etc<span style=\"font-weight: 600;font-size: 20px\"><mark class=\"has-inline-color has-neve-link-hover-color-color\">{end-tooltip}<\/mark><\/span><\/p>\n<\/div>\n\n\n\n<div class=\"wp-block-column is-layout-flow wp-block-column-is-layout-flow\" style=\"flex-basis:25%\"><\/div>\n<\/div>\n\n\n\n<p class=\"has-nv-site-bg-color has-text-color\" style=\"letter-spacing:1px\"><br><\/p>\n\n\t\t\t<\/div>\r\n\t\t<\/div>","protected":false},"excerpt":{"rendered":"","protected":false},"author":1,"featured_media":0,"parent":0,"menu_order":0,"comment_status":"closed","ping_status":"closed","template":"","meta":{"_eb_attr":"","neve_meta_sidebar":"","neve_meta_container":"","neve_meta_enable_content_width":"on","neve_meta_content_width":100,"neve_meta_title_alignment":"","neve_meta_author_avatar":"","neve_post_elements_order":"","neve_meta_disable_header":"","neve_meta_disable_footer":"","neve_meta_disable_title":"on","footnotes":""},"class_list":["post-264","page","type-page","status-publish","hentry"],"_links":{"self":[{"href":"https:\/\/ltaskfinance.com\/pt\/wp-json\/wp\/v2\/pages\/264","targetHints":{"allow":["GET"]}}],"collection":[{"href":"https:\/\/ltaskfinance.com\/pt\/wp-json\/wp\/v2\/pages"}],"about":[{"href":"https:\/\/ltaskfinance.com\/pt\/wp-json\/wp\/v2\/types\/page"}],"author":[{"embeddable":true,"href":"https:\/\/ltaskfinance.com\/pt\/wp-json\/wp\/v2\/users\/1"}],"replies":[{"embeddable":true,"href":"https:\/\/ltaskfinance.com\/pt\/wp-json\/wp\/v2\/comments?post=264"}],"version-history":[{"count":164,"href":"https:\/\/ltaskfinance.com\/pt\/wp-json\/wp\/v2\/pages\/264\/revisions"}],"predecessor-version":[{"id":644,"href":"https:\/\/ltaskfinance.com\/pt\/wp-json\/wp\/v2\/pages\/264\/revisions\/644"}],"wp:attachment":[{"href":"https:\/\/ltaskfinance.com\/pt\/wp-json\/wp\/v2\/media?parent=264"}],"curies":[{"name":"wp","href":"https:\/\/api.w.org\/{rel}","templated":true}]}}